{"id":762,"date":"2019-07-22T11:22:01","date_gmt":"2019-07-22T09:22:01","guid":{"rendered":"https:\/\/monikabohinec.com\/o-moniki-bohinec\/"},"modified":"2025-11-07T19:35:23","modified_gmt":"2025-11-07T18:35:23","slug":"o-moniki-bohinec","status":"publish","type":"page","link":"https:\/\/monikabohinec.com\/en\/o-moniki-bohinec\/","title":{"rendered":"<span>Mezzo-Soprano<\/span><br> Monika Bohinec"},"content":{"rendered":"<p style=\"text-align: left;\">The Slovenian-Austrian mezzo-soprano Monika Bohinec has been an ensemble member of the Vienna State Opera since September 2011, where she quickly made a name for herself, among others as a Verdi and Wagner specialist.<\/p>\n<p style=\"text-align: left;\"><span style=\"font-size: 0.875rem; -webkit-text-size-adjust: 100%;\">In 2025\/2026, Monika Bohinec will perform at the Vienna State Opera in the roles of Fenena (Verdi \/ Nabucco), Mrs.Quickly (Verdi \/ Falstaff), Je\u017eibaba (Dvo\u0159ak \/ Rusalka), Herodias (R.Strauss \/ Salome), Frugola (Puccini \/ Il Tabarro), Marta (Tchaikovsky \/ Iolanta)\u2026..<\/span><\/p>\n<p style=\"text-align: left;\"><span style=\"font-size: 0.875rem; -webkit-text-size-adjust: 100%;\">Her guest appearances in 2025\/26 will take her to the Berliner Philharmonie, where she will sing Mezzosoprano-Solo in G.Verdis Requiem, under the baton of Oksana Lyniv. She will be heard in the role of Annina in R.Strau\u00df\u2019s opera \u00a0\u201cDer Rosenkavalier\u201d at the Baden-Baden Festival (Pfingstfestspiele) and in her homeland, at the Ljubljana Opera, she will perform the role of \u00a0Brang\u00e4ne in Wagners opera \u201cTristan und Isolde\u201d.<\/span><\/p>\n<p>Further roles she performed at the Vienna State Opera include Eboli (Verdi \/ Don Carlos), Azucena (Verdi \/ Il Trovatore), Mrs. Quickly (Verdi \/ Falstaff), Ulrica (Verdi \/ Un Ballo in Maschera), Fenena (Verdi \/ Nabucco), Maddalena (Verdi \/ Rigoletto), Sara di Nottingham (Donizetti \/ Roberto Devereux), Je\u017eibaba (Dvo\u0159\u00e1k \/ Rusalka), Erda (Wagner \/ Das Rheingold, Siegfried), Fricka (Wagner \/ Das Rheingold, Die Walk\u00fcre), Waltraute (Wagner \/ G\u00f6tterd\u00e4mmerung), Magdalene (Wagner \/ Die Meistersinger), Polina and Daphnis (Tchaikovsky \/ Pique Dame), Knusperhexe (Humperdinck \/ H\u00e4nsel und Gretel), Alto Solo (Mahler \/ Von der Liebe Tod), Auntie (Britten \/ Peter Grimes), Gora (Reimann \/ Medea), Herodias (R.Strauss\/Salome)\u2026<br \/>\nShe sang the roles of Foreign Princess (Dvo\u0159\u00e1k \/ Rusalka) and the role of Cassandre (Berlioz \/ Les Troyens) in highly acclaimed Vienna State Opera premieres.<\/p>\n<p>She has collaborated among others with conductors Christian Thielemann, Sir Simon Rattle, Franz Welser &#8211; M\u00f6st, Philippe Jordan, Adam Fischer, Valery Gergiev, Marco Armiliato, Sir Jeffrey Tate, Ivor Bolton, Peter Schneider, Daniele Gatti, Simone Young, Paolo Carignani, Giampaolo Bisanti.<\/p>\n<p>Guest engagements in recent seasons have sent Monika Bohinec to the Metropolitan Opera in New York, the Bayerische Staatsoper in Munich, Teatro Real in Madrid, the Semperoper Dresden, the Bunka Kaikan in Tokyo, the Oper Frankfurt, the Staatstheater Wiesbaden, the Staatstheater am G\u00e4rtnerplatz in Munich, the Badisches Staatstheater Karlsruhe, the Salzburg Festival, the St.Margarethen Festival\u2026<\/p>\n<p>Her international guest appearances include roles such as Amneris (Verdi \/ Aida), Azucena (Verdi \/ Il Trovatore), Carmen (Bizet \/ Carmen), Maddalena (Verdi \/ Rigoletto), Ortrud (Wagner \/ Lohengrin), Fricka (Wagner \/ Das Rheingold and Die Walk\u00fcre), Brang\u00e4ne (Wagner \/ Tristan und Isolde), Sara di Nottingham (Donizetti \/ Roberto Devereux), Klyt\u00e4mnestra (R.Strau\u00df \/ Elektra), La Principessa di Bouillon \u00a0(Cilea \/ Adriana Lecouvreur), Giulietta (Offenbach \/ Les Contes d\u2019Hoffmann), Laura and La Cieca (Ponchielli \/ La Gioconda), Ulrica (Verdi \/ Un Ballo in Maschera), Czipra (J.Strauss \/ Der Zigeunerbaron), Kontschakowna (Borodin \/ Prince Igor) and Marina (Mussorgsky \/ Boris Godunow)\u2026<\/p>\n<p>In 2006, while studying at the Salzburg Mozarteum and at the\u00a0University of Musik and Performing Arts in Vienna with Prof. Claudia Visca, she made her operatic debut as Clarissa (Prokofiev: The Love for the Three Oranges) at the Slovenian State Opera.<br \/>\nAfter her graduation in 2008, Monika Bohinec joined the soloist ensemble of the National Theatre in Mannheim (in Germany) between 2009 and 2011.<\/p>\n<p>As a song and concert interpreter, Monika Bohinec has appeared in recital at Vienna\u2019s Musikverein. Furthermore, she performed in the traditional New Year\u2019s concert at the Wiener Konzerthaus. Her most recent appearances include the mezzo-soprano solos in Rossini\u2019s Stabat Mater in Lille.<\/p>\n<p>Monika Bohinec has performed at renowned concert halls around the world, including the Wiener Musikverein in Vienna, Wiener Konzerthaus in Vienna, Philharmonie am Gasteig in Munich, the Berlin Philharmonic, the Concertgebouw Amsterdam, the Salle Pleyel in Paris, Carnegie Hall in New York and the Philharmonic Hall in St. Petersburg.<\/p>\n<p>Monika Bohinec can be heard on the entire recording of Wagner\u2019s Der Ring des Nibelungen at the Vienna State Opera under the baton of Christian Thielemann (Deutsche Grammophon),\u00a0as well as on the recording of Tchaikovsky\u2019s Iolanta (Deutsche Grammophon) alongside Anna Netrebko. She appears on DVD recordings from the Salzburg Festival including Wagner\u2019s \u201cDie Meistersinger von N\u00fcrnberg\u201d and Winter\u2019s \u201cThe Labyrinth.\u201d<\/p>\n","protected":false},"excerpt":{"rendered":"<p>The Slovenian-Austrian mezzo-soprano Monika Bohinec has been an ensemble member of the Vienna State Opera since September 2011, where she quickly made a name for herself, among others as a &#8230; <\/p>\n","protected":false},"author":1,"featured_media":1668,"parent":0,"menu_order":2,"comment_status":"closed","ping_status":"closed","template":"","meta":{"_acf_changed":false,"footnotes":""},"class_list":["post-762","page","type-page","status-publish","has-post-thumbnail","hentry"],"acf":[],"yoast_head":"<!-- This site is optimized with the Yoast SEO plugin v27.2 - https:\/\/yoast.com\/product\/yoast-seo-wordpress\/ -->\n<title>Mezzo-Soprano Monika Bohinec - Monika Bohinec<\/title>\n<meta name=\"robots\" content=\"index, follow, max-snippet:-1, max-image-preview:large, max-video-preview:-1\" \/>\n<link rel=\"canonical\" href=\"https:\/\/monikabohinec.com\/en\/o-moniki-bohinec\/\" \/>\n<meta property=\"og:locale\" content=\"en_US\" \/>\n<meta property=\"og:type\" content=\"article\" \/>\n<meta property=\"og:title\" content=\"Mezzo-Soprano Monika Bohinec - Monika Bohinec\" \/>\n<meta property=\"og:description\" content=\"The Slovenian-Austrian mezzo-soprano Monika Bohinec has been an ensemble member of the Vienna State Opera since September 2011, where she quickly made a name for herself, among others as a ...\" \/>\n<meta property=\"og:url\" content=\"https:\/\/monikabohinec.com\/en\/o-moniki-bohinec\/\" \/>\n<meta property=\"og:site_name\" content=\"Monika Bohinec\" \/>\n<meta property=\"article:modified_time\" content=\"2025-11-07T18:35:23+00:00\" \/>\n<meta property=\"og:image\" content=\"https:\/\/monikabohinec.com\/wp-content\/uploads\/2020\/03\/039230B0-96F5-42BC-AFCE-FAF1BD17CE10.jpeg\" \/>\n\t<meta property=\"og:image:width\" content=\"1179\" \/>\n\t<meta property=\"og:image:height\" content=\"1200\" \/>\n\t<meta property=\"og:image:type\" content=\"image\/jpeg\" \/>\n<meta name=\"twitter:card\" content=\"summary_large_image\" \/>\n<meta name=\"twitter:label1\" content=\"Est. reading time\" \/>\n\t<meta name=\"twitter:data1\" content=\"4 minutes\" \/>\n<script type=\"application\/ld+json\" class=\"yoast-schema-graph\">{\"@context\":\"https:\/\/schema.org\",\"@graph\":[{\"@type\":\"WebPage\",\"@id\":\"https:\/\/monikabohinec.com\/en\/o-moniki-bohinec\/\",\"url\":\"https:\/\/monikabohinec.com\/en\/o-moniki-bohinec\/\",\"name\":\"Mezzo-Soprano Monika Bohinec - Monika Bohinec\",\"isPartOf\":{\"@id\":\"https:\/\/monikabohinec.com\/#website\"},\"primaryImageOfPage\":{\"@id\":\"https:\/\/monikabohinec.com\/en\/o-moniki-bohinec\/#primaryimage\"},\"image\":{\"@id\":\"https:\/\/monikabohinec.com\/en\/o-moniki-bohinec\/#primaryimage\"},\"thumbnailUrl\":\"https:\/\/monikabohinec.com\/wp-content\/uploads\/2020\/03\/039230B0-96F5-42BC-AFCE-FAF1BD17CE10.jpeg\",\"datePublished\":\"2019-07-22T09:22:01+00:00\",\"dateModified\":\"2025-11-07T18:35:23+00:00\",\"breadcrumb\":{\"@id\":\"https:\/\/monikabohinec.com\/en\/o-moniki-bohinec\/#breadcrumb\"},\"inLanguage\":\"en-US\",\"potentialAction\":[{\"@type\":\"ReadAction\",\"target\":[\"https:\/\/monikabohinec.com\/en\/o-moniki-bohinec\/\"]}]},{\"@type\":\"ImageObject\",\"inLanguage\":\"en-US\",\"@id\":\"https:\/\/monikabohinec.com\/en\/o-moniki-bohinec\/#primaryimage\",\"url\":\"https:\/\/monikabohinec.com\/wp-content\/uploads\/2020\/03\/039230B0-96F5-42BC-AFCE-FAF1BD17CE10.jpeg\",\"contentUrl\":\"https:\/\/monikabohinec.com\/wp-content\/uploads\/2020\/03\/039230B0-96F5-42BC-AFCE-FAF1BD17CE10.jpeg\",\"width\":1179,\"height\":1200,\"caption\":\"Monika Bohinec\"},{\"@type\":\"BreadcrumbList\",\"@id\":\"https:\/\/monikabohinec.com\/en\/o-moniki-bohinec\/#breadcrumb\",\"itemListElement\":[{\"@type\":\"ListItem\",\"position\":1,\"name\":\"Home\",\"item\":\"https:\/\/monikabohinec.com\/en\/\"},{\"@type\":\"ListItem\",\"position\":2,\"name\":\"Mezzo-Soprano Monika Bohinec\"}]},{\"@type\":\"WebSite\",\"@id\":\"https:\/\/monikabohinec.com\/#website\",\"url\":\"https:\/\/monikabohinec.com\/\",\"name\":\"Monika Bohinec\",\"description\":\"Mezzosopran\",\"potentialAction\":[{\"@type\":\"SearchAction\",\"target\":{\"@type\":\"EntryPoint\",\"urlTemplate\":\"https:\/\/monikabohinec.com\/?s={search_term_string}\"},\"query-input\":{\"@type\":\"PropertyValueSpecification\",\"valueRequired\":true,\"valueName\":\"search_term_string\"}}],\"inLanguage\":\"en-US\"}]}<\/script>\n<!-- \/ Yoast SEO plugin. -->","yoast_head_json":{"title":"Mezzo-Soprano Monika Bohinec - Monika Bohinec","robots":{"index":"index","follow":"follow","max-snippet":"max-snippet:-1","max-image-preview":"max-image-preview:large","max-video-preview":"max-video-preview:-1"},"canonical":"https:\/\/monikabohinec.com\/en\/o-moniki-bohinec\/","og_locale":"en_US","og_type":"article","og_title":"Mezzo-Soprano Monika Bohinec - Monika Bohinec","og_description":"The Slovenian-Austrian mezzo-soprano Monika Bohinec has been an ensemble member of the Vienna State Opera since September 2011, where she quickly made a name for herself, among others as a ...","og_url":"https:\/\/monikabohinec.com\/en\/o-moniki-bohinec\/","og_site_name":"Monika Bohinec","article_modified_time":"2025-11-07T18:35:23+00:00","og_image":[{"width":1179,"height":1200,"url":"https:\/\/monikabohinec.com\/wp-content\/uploads\/2020\/03\/039230B0-96F5-42BC-AFCE-FAF1BD17CE10.jpeg","type":"image\/jpeg"}],"twitter_card":"summary_large_image","twitter_misc":{"Est. reading time":"4 minutes"},"schema":{"@context":"https:\/\/schema.org","@graph":[{"@type":"WebPage","@id":"https:\/\/monikabohinec.com\/en\/o-moniki-bohinec\/","url":"https:\/\/monikabohinec.com\/en\/o-moniki-bohinec\/","name":"Mezzo-Soprano Monika Bohinec - Monika Bohinec","isPartOf":{"@id":"https:\/\/monikabohinec.com\/#website"},"primaryImageOfPage":{"@id":"https:\/\/monikabohinec.com\/en\/o-moniki-bohinec\/#primaryimage"},"image":{"@id":"https:\/\/monikabohinec.com\/en\/o-moniki-bohinec\/#primaryimage"},"thumbnailUrl":"https:\/\/monikabohinec.com\/wp-content\/uploads\/2020\/03\/039230B0-96F5-42BC-AFCE-FAF1BD17CE10.jpeg","datePublished":"2019-07-22T09:22:01+00:00","dateModified":"2025-11-07T18:35:23+00:00","breadcrumb":{"@id":"https:\/\/monikabohinec.com\/en\/o-moniki-bohinec\/#breadcrumb"},"inLanguage":"en-US","potentialAction":[{"@type":"ReadAction","target":["https:\/\/monikabohinec.com\/en\/o-moniki-bohinec\/"]}]},{"@type":"ImageObject","inLanguage":"en-US","@id":"https:\/\/monikabohinec.com\/en\/o-moniki-bohinec\/#primaryimage","url":"https:\/\/monikabohinec.com\/wp-content\/uploads\/2020\/03\/039230B0-96F5-42BC-AFCE-FAF1BD17CE10.jpeg","contentUrl":"https:\/\/monikabohinec.com\/wp-content\/uploads\/2020\/03\/039230B0-96F5-42BC-AFCE-FAF1BD17CE10.jpeg","width":1179,"height":1200,"caption":"Monika Bohinec"},{"@type":"BreadcrumbList","@id":"https:\/\/monikabohinec.com\/en\/o-moniki-bohinec\/#breadcrumb","itemListElement":[{"@type":"ListItem","position":1,"name":"Home","item":"https:\/\/monikabohinec.com\/en\/"},{"@type":"ListItem","position":2,"name":"Mezzo-Soprano Monika Bohinec"}]},{"@type":"WebSite","@id":"https:\/\/monikabohinec.com\/#website","url":"https:\/\/monikabohinec.com\/","name":"Monika Bohinec","description":"Mezzosopran","potentialAction":[{"@type":"SearchAction","target":{"@type":"EntryPoint","urlTemplate":"https:\/\/monikabohinec.com\/?s={search_term_string}"},"query-input":{"@type":"PropertyValueSpecification","valueRequired":true,"valueName":"search_term_string"}}],"inLanguage":"en-US"}]}},"_links":{"self":[{"href":"https:\/\/monikabohinec.com\/en\/wp-json\/wp\/v2\/pages\/762","targetHints":{"allow":["GET"]}}],"collection":[{"href":"https:\/\/monikabohinec.com\/en\/wp-json\/wp\/v2\/pages"}],"about":[{"href":"https:\/\/monikabohinec.com\/en\/wp-json\/wp\/v2\/types\/page"}],"author":[{"embeddable":true,"href":"https:\/\/monikabohinec.com\/en\/wp-json\/wp\/v2\/users\/1"}],"replies":[{"embeddable":true,"href":"https:\/\/monikabohinec.com\/en\/wp-json\/wp\/v2\/comments?post=762"}],"version-history":[{"count":5,"href":"https:\/\/monikabohinec.com\/en\/wp-json\/wp\/v2\/pages\/762\/revisions"}],"predecessor-version":[{"id":4014,"href":"https:\/\/monikabohinec.com\/en\/wp-json\/wp\/v2\/pages\/762\/revisions\/4014"}],"wp:featuredmedia":[{"embeddable":true,"href":"https:\/\/monikabohinec.com\/en\/wp-json\/wp\/v2\/media\/1668"}],"wp:attachment":[{"href":"https:\/\/monikabohinec.com\/en\/wp-json\/wp\/v2\/media?parent=762"}],"curies":[{"name":"wp","href":"https:\/\/api.w.org\/{rel}","templated":true}]}}