{"id":323,"date":"2019-07-22T11:22:01","date_gmt":"2019-07-22T09:22:01","guid":{"rendered":"https:\/\/monikabohinec.com\/?page_id=323"},"modified":"2025-11-07T19:48:08","modified_gmt":"2025-11-07T18:48:08","slug":"o-moniki-bohinec","status":"publish","type":"page","link":"https:\/\/monikabohinec.com\/sl\/o-moniki-bohinec\/","title":{"rendered":"<span>Mezzosopran<\/span><br> Monika Bohinec"},"content":{"rendered":"<blockquote><p>Slovensko &#8211; avstrijska mezzosopranistka Monika Bohinec je od sezone 2011 \/ 2012 \u010dlanica ansambla Dunajske dr\u017eavne opere, kjer v leto\u0161nji sezoni 2025 \/ 2026 nastopa v vlogah, kot so Fenena (Verdi \/ Nabucco), Je\u017eibaba (Dvo\u0159ak \/ Rusalka), Herodias (R.Strauss \/ Salome), Mrs. Quickly (Verdi \/ Falstaff), Frugola (Puccini \/ Il tabarro), Marta (\u010cajkovski \/ Iolanta)\u2026<\/p><\/blockquote>\n<p>Gostovanja v \u00a02025\/2026 sezoni jo vodijo v Berlinsko Filharmonijo , kjer bo nastopila kot Mezzosopran-Solo v Verdijevem Requiemu, na Festival Baden-Baden (Pfingstfestspiele) , kjer bo v operi \u201cDer Rosenkavalier\u201d (R. Strauss) \u00a0nastopila v vlogi Annine , ter v doma\u010do Opero v Ljubljani , kjer bo v Wagnerjevi operi \u201cTristan und Isolde\u201d nastopila v vlogi Brang\u00e4ne.<\/p>\n<p>V Dunajski dr\u017eavni operi je vse do danes nastopila v glavnih vlogah, kot so Eboli (Verdi \/ Don Carlo), Azucena (Verdi \/ Il Trovatore), Mrs. Quickly (Verdi \/ Falstaff), Ulrica (Verdi \/ Un Ballo in Maschera), Fenena (Verdi \/ Nabucco), Maddalena (Verdi \/ Rigoletto), Sara di Nottingham (Donizetti \/ Roberto Devereux), Cassandre (Berlioz \/ Les Troyens), Je\u017eibaba in Kneginja (Dvo\u0159\u00e1k \/ Rusalka), Polina in Daphnis (\u010cajkovski \/ Piqu\u00e9 Dame), Fricka (Wagner \/ Das Rheingold, Die Walk\u00fcre), Waltraute (Wagner \/ G\u00f6tterd\u00e4mmerung), Erda (Wagner \/ Das Rheingold, Siegfried), Magdalene (Wagner \/ Die Meistersinger), Hexe (Humperdinck \/ H\u00e4nsel und Gretel), Auntie (Britten \/ Peter Grimes), Gora (Reimann \/ \u00a0Medea)\u2026<\/p>\n<p>Nastopa z najuglednej\u0161imi dirigenti na\u0161ega \u010dasa, kot so\u00a0Christian Thielemann, Sir Simon Rattle, Franz Welser &#8211; M\u00f6st, Philippe Jordan, Adam Fischer, Valery Gergiev, Marco Armiliato, Sir Jeffrey Tate, Ivor Bolton, Peter Schneider, Daniele Gatti, Simone Young, Paolo Carignani, Giampaolo Bisanti.<\/p>\n<p>Gostovanja so Moniko Bohinec med drugimi vodila tudi v Metropolitansko opero v New York (v vlogi Brang\u00e4ne iz Wagnerjeve opere Tristan und Isolde), s katero je gostovala tudi v Avstraliji. Na svoji umetni\u0161ki poti je na seznam pomembnih \u201cpostaj\u201d zapisala tudi: Bavarsko dr\u017eavno opero M\u00fcnchen, Teatro Real Madrid, Semperoper Dresden, Operna hi\u0161a Frankfurt, festivalna dvorana Bunka Kaikan Tokyo, G\u00e4rtnerplatz Theater M\u00fcnchen, Dr\u017eavno gledali\u0161\u010de Wiesbaden in Karlsruhe, Salzbur\u0161ki festival, poletni festival St. Margarethen in M\u00f6rbisch am See..<\/p>\n<p><span style=\"font-size: 0.875rem; -webkit-text-size-adjust: 100%;\">Gostovala je v vlogah kot so: Amneris (Verdi \/ <\/span><span style=\"font-size: 0.875rem; -webkit-text-size-adjust: 100%;\">Aida), Azucena (Verdi \/ Il Trovatore), Carmen (Bizet \/ Carmen), Ortrud (Wagner \/ Lohengrin), Brang\u00e4ne (Wagner \/ Tristan und Isolde), Fricka (Wagner \/ Das Rheingold, Die Walk\u00fcre), Erda (Wagner \/ Das Rheingold, Siegfried), La Principessa di Bouillon (Cilea \/ Adriana Lecouvreur), Giulietta (Offenbach \/ Les Contes d\u2018Hoffmann), Ulrica (Verdi \/ Un Ballo in Maschera), Laura in La Cieca (Ponchielli \/ La Gioconda), Kon\u010dakovna (Borodin \/ Knez Igor), Marina (Mussorgski \/ Boris Godunov), Klyt\u00e4mnestra (R.Strau\u00df \/ Elektra), Sara di Nottingham (Donizetti \/ Roberto Devereux), Czipra (J.Strauss \/ Der Zigeunerbaron)\u2026<\/span><\/p>\n<p>\u017de med \u0161tudijem na salzbur\u0161kem Mozarteumu in na Univerzi za glasbo in uprizarjajo\u010do umetnost na Dunaju, v razredu Prof. Claudie Visce, je leta 2006 prvi\u010d nastopila v vlogi Clarisse (Prokofiev: Zaljubljen v tri oran\u017ee), v Ljubljani.<br \/>\nL. 2008 je z odliko dokon\u010dala podiplomski \u0161tudij ter bila anga\u017eirana v ansambel Narodnega gledali\u0161\u010da v Mannheim vse do septembra 2011.<\/p>\n<p>Kot koncertna umetnica je nastopila z ve\u010derom samospevov v okviru cikla \u201cLied-B\u00fchne\u201d v Stekleni dvorani dunajskega Musikvereina. Poleg tega je pela tudi na tradicionalnem novoletnem koncertu\u00a0Dunajskega simfoni\u010dnega orkestra v veliki dvorani Koncertne hi\u0161e na Dunaju.\u00a0<span style=\"font-size: 0.875rem; -webkit-text-size-adjust: 100%;\">Nedavno je pela v Rossinijevi \u201cStabat Mater\u201d v Lillu v Franciji. Nastopila je v uglednih koncertnih dvoranah, kot sta Filharmonija \u201cam Gasteig\u201d v M\u00fcnchnu, Wiener Musikverien (Goldener Saal) , Wiener Konzerthaus, Berlinska filharmonija, \u201cConcertgebouw\u201d v Amsterdamu, \u201cSalle Pleyel\u201d v Parizu, \u201cCarnegie Hall\u201d v New Yorku in Filharmonija v Sankt Petersburgu.<\/span><\/p>\n<p>Med drugim je Moniko Bohinec mo\u010d sli\u0161ati na celotnem zco\u010dnem zapisu Wagnerjevega Cikla \u201cRing des Nibelungen\u201d, pod taktirko dirigenta Christiana Thielemanna, in na posnetku zalo\u017ebe Deutsche Grammophon v operi \u201cIolanta\u201d , skladatelja P.I.\u010cajkovskega (ob svetovno priznani sopranistki Ani Netrebko).<br \/>\nSalzbur\u0161ki festival pa je izdal DVD posnetke Wagnerjeve opere \u201cDie Meistersinger\u201d in von Winterjeve opere \u201cDas Labyrinth\u201d, v katerih nastopa tudi Bohin\u010deva.<\/p>\n","protected":false},"excerpt":{"rendered":"<p>Slovensko &#8211; avstrijska mezzosopranistka Monika Bohinec je od sezone 2011 \/ 2012 \u010dlanica ansambla Dunajske dr\u017eavne opere, kjer v leto\u0161nji sezoni 2025 \/ 2026 nastopa v vlogah, kot so Fenena &#8230; <\/p>\n","protected":false},"author":1,"featured_media":1670,"parent":0,"menu_order":2,"comment_status":"closed","ping_status":"closed","template":"","meta":{"_acf_changed":false,"footnotes":""},"class_list":["post-323","page","type-page","status-publish","has-post-thumbnail","hentry"],"acf":[],"yoast_head":"<!-- This site is optimized with the Yoast SEO plugin v27.2 - https:\/\/yoast.com\/product\/yoast-seo-wordpress\/ -->\n<title>Mezzosopran Monika Bohinec - Monika Bohinec<\/title>\n<meta name=\"robots\" content=\"index, follow, max-snippet:-1, max-image-preview:large, max-video-preview:-1\" \/>\n<link rel=\"canonical\" href=\"https:\/\/monikabohinec.com\/sl\/o-moniki-bohinec\/\" \/>\n<meta property=\"og:locale\" content=\"sl_SI\" \/>\n<meta property=\"og:type\" content=\"article\" \/>\n<meta property=\"og:title\" content=\"Mezzosopran Monika Bohinec - Monika Bohinec\" \/>\n<meta property=\"og:description\" content=\"Slovensko &#8211; avstrijska mezzosopranistka Monika Bohinec je od sezone 2011 \/ 2012 \u010dlanica ansambla Dunajske dr\u017eavne opere, kjer v leto\u0161nji sezoni 2025 \/ 2026 nastopa v vlogah, kot so Fenena ...\" \/>\n<meta property=\"og:url\" content=\"https:\/\/monikabohinec.com\/sl\/o-moniki-bohinec\/\" \/>\n<meta property=\"og:site_name\" content=\"Monika Bohinec\" \/>\n<meta property=\"article:modified_time\" content=\"2025-11-07T18:48:08+00:00\" \/>\n<meta property=\"og:image\" content=\"https:\/\/monikabohinec.com\/wp-content\/uploads\/2020\/03\/039230B0-96F5-42BC-AFCE-FAF1BD17CE10.jpeg\" \/>\n\t<meta property=\"og:image:width\" content=\"1179\" \/>\n\t<meta property=\"og:image:height\" content=\"1200\" \/>\n\t<meta property=\"og:image:type\" content=\"image\/jpeg\" \/>\n<meta name=\"twitter:card\" content=\"summary_large_image\" \/>\n<meta name=\"twitter:label1\" content=\"Est. reading time\" \/>\n\t<meta name=\"twitter:data1\" content=\"4 minute\" \/>\n<script type=\"application\/ld+json\" class=\"yoast-schema-graph\">{\"@context\":\"https:\/\/schema.org\",\"@graph\":[{\"@type\":\"WebPage\",\"@id\":\"https:\/\/monikabohinec.com\/sl\/o-moniki-bohinec\/\",\"url\":\"https:\/\/monikabohinec.com\/sl\/o-moniki-bohinec\/\",\"name\":\"Mezzosopran Monika Bohinec - Monika Bohinec\",\"isPartOf\":{\"@id\":\"https:\/\/monikabohinec.com\/#website\"},\"primaryImageOfPage\":{\"@id\":\"https:\/\/monikabohinec.com\/sl\/o-moniki-bohinec\/#primaryimage\"},\"image\":{\"@id\":\"https:\/\/monikabohinec.com\/sl\/o-moniki-bohinec\/#primaryimage\"},\"thumbnailUrl\":\"https:\/\/monikabohinec.com\/wp-content\/uploads\/2020\/03\/039230B0-96F5-42BC-AFCE-FAF1BD17CE10.jpeg\",\"datePublished\":\"2019-07-22T09:22:01+00:00\",\"dateModified\":\"2025-11-07T18:48:08+00:00\",\"breadcrumb\":{\"@id\":\"https:\/\/monikabohinec.com\/sl\/o-moniki-bohinec\/#breadcrumb\"},\"inLanguage\":\"sl-SI\",\"potentialAction\":[{\"@type\":\"ReadAction\",\"target\":[\"https:\/\/monikabohinec.com\/sl\/o-moniki-bohinec\/\"]}]},{\"@type\":\"ImageObject\",\"inLanguage\":\"sl-SI\",\"@id\":\"https:\/\/monikabohinec.com\/sl\/o-moniki-bohinec\/#primaryimage\",\"url\":\"https:\/\/monikabohinec.com\/wp-content\/uploads\/2020\/03\/039230B0-96F5-42BC-AFCE-FAF1BD17CE10.jpeg\",\"contentUrl\":\"https:\/\/monikabohinec.com\/wp-content\/uploads\/2020\/03\/039230B0-96F5-42BC-AFCE-FAF1BD17CE10.jpeg\",\"width\":1179,\"height\":1200,\"caption\":\"Monika Bohinec\"},{\"@type\":\"BreadcrumbList\",\"@id\":\"https:\/\/monikabohinec.com\/sl\/o-moniki-bohinec\/#breadcrumb\",\"itemListElement\":[{\"@type\":\"ListItem\",\"position\":1,\"name\":\"Home\",\"item\":\"https:\/\/monikabohinec.com\/sl\/\"},{\"@type\":\"ListItem\",\"position\":2,\"name\":\"Mezzosopran Monika Bohinec\"}]},{\"@type\":\"WebSite\",\"@id\":\"https:\/\/monikabohinec.com\/#website\",\"url\":\"https:\/\/monikabohinec.com\/\",\"name\":\"Monika Bohinec\",\"description\":\"Mezzosopran\",\"potentialAction\":[{\"@type\":\"SearchAction\",\"target\":{\"@type\":\"EntryPoint\",\"urlTemplate\":\"https:\/\/monikabohinec.com\/?s={search_term_string}\"},\"query-input\":{\"@type\":\"PropertyValueSpecification\",\"valueRequired\":true,\"valueName\":\"search_term_string\"}}],\"inLanguage\":\"sl-SI\"}]}<\/script>\n<!-- \/ Yoast SEO plugin. -->","yoast_head_json":{"title":"Mezzosopran Monika Bohinec - Monika Bohinec","robots":{"index":"index","follow":"follow","max-snippet":"max-snippet:-1","max-image-preview":"max-image-preview:large","max-video-preview":"max-video-preview:-1"},"canonical":"https:\/\/monikabohinec.com\/sl\/o-moniki-bohinec\/","og_locale":"sl_SI","og_type":"article","og_title":"Mezzosopran Monika Bohinec - Monika Bohinec","og_description":"Slovensko &#8211; avstrijska mezzosopranistka Monika Bohinec je od sezone 2011 \/ 2012 \u010dlanica ansambla Dunajske dr\u017eavne opere, kjer v leto\u0161nji sezoni 2025 \/ 2026 nastopa v vlogah, kot so Fenena ...","og_url":"https:\/\/monikabohinec.com\/sl\/o-moniki-bohinec\/","og_site_name":"Monika Bohinec","article_modified_time":"2025-11-07T18:48:08+00:00","og_image":[{"width":1179,"height":1200,"url":"https:\/\/monikabohinec.com\/wp-content\/uploads\/2020\/03\/039230B0-96F5-42BC-AFCE-FAF1BD17CE10.jpeg","type":"image\/jpeg"}],"twitter_card":"summary_large_image","twitter_misc":{"Est. reading time":"4 minute"},"schema":{"@context":"https:\/\/schema.org","@graph":[{"@type":"WebPage","@id":"https:\/\/monikabohinec.com\/sl\/o-moniki-bohinec\/","url":"https:\/\/monikabohinec.com\/sl\/o-moniki-bohinec\/","name":"Mezzosopran Monika Bohinec - Monika Bohinec","isPartOf":{"@id":"https:\/\/monikabohinec.com\/#website"},"primaryImageOfPage":{"@id":"https:\/\/monikabohinec.com\/sl\/o-moniki-bohinec\/#primaryimage"},"image":{"@id":"https:\/\/monikabohinec.com\/sl\/o-moniki-bohinec\/#primaryimage"},"thumbnailUrl":"https:\/\/monikabohinec.com\/wp-content\/uploads\/2020\/03\/039230B0-96F5-42BC-AFCE-FAF1BD17CE10.jpeg","datePublished":"2019-07-22T09:22:01+00:00","dateModified":"2025-11-07T18:48:08+00:00","breadcrumb":{"@id":"https:\/\/monikabohinec.com\/sl\/o-moniki-bohinec\/#breadcrumb"},"inLanguage":"sl-SI","potentialAction":[{"@type":"ReadAction","target":["https:\/\/monikabohinec.com\/sl\/o-moniki-bohinec\/"]}]},{"@type":"ImageObject","inLanguage":"sl-SI","@id":"https:\/\/monikabohinec.com\/sl\/o-moniki-bohinec\/#primaryimage","url":"https:\/\/monikabohinec.com\/wp-content\/uploads\/2020\/03\/039230B0-96F5-42BC-AFCE-FAF1BD17CE10.jpeg","contentUrl":"https:\/\/monikabohinec.com\/wp-content\/uploads\/2020\/03\/039230B0-96F5-42BC-AFCE-FAF1BD17CE10.jpeg","width":1179,"height":1200,"caption":"Monika Bohinec"},{"@type":"BreadcrumbList","@id":"https:\/\/monikabohinec.com\/sl\/o-moniki-bohinec\/#breadcrumb","itemListElement":[{"@type":"ListItem","position":1,"name":"Home","item":"https:\/\/monikabohinec.com\/sl\/"},{"@type":"ListItem","position":2,"name":"Mezzosopran Monika Bohinec"}]},{"@type":"WebSite","@id":"https:\/\/monikabohinec.com\/#website","url":"https:\/\/monikabohinec.com\/","name":"Monika Bohinec","description":"Mezzosopran","potentialAction":[{"@type":"SearchAction","target":{"@type":"EntryPoint","urlTemplate":"https:\/\/monikabohinec.com\/?s={search_term_string}"},"query-input":{"@type":"PropertyValueSpecification","valueRequired":true,"valueName":"search_term_string"}}],"inLanguage":"sl-SI"}]}},"_links":{"self":[{"href":"https:\/\/monikabohinec.com\/sl\/wp-json\/wp\/v2\/pages\/323","targetHints":{"allow":["GET"]}}],"collection":[{"href":"https:\/\/monikabohinec.com\/sl\/wp-json\/wp\/v2\/pages"}],"about":[{"href":"https:\/\/monikabohinec.com\/sl\/wp-json\/wp\/v2\/types\/page"}],"author":[{"embeddable":true,"href":"https:\/\/monikabohinec.com\/sl\/wp-json\/wp\/v2\/users\/1"}],"replies":[{"embeddable":true,"href":"https:\/\/monikabohinec.com\/sl\/wp-json\/wp\/v2\/comments?post=323"}],"version-history":[{"count":23,"href":"https:\/\/monikabohinec.com\/sl\/wp-json\/wp\/v2\/pages\/323\/revisions"}],"predecessor-version":[{"id":4020,"href":"https:\/\/monikabohinec.com\/sl\/wp-json\/wp\/v2\/pages\/323\/revisions\/4020"}],"wp:featuredmedia":[{"embeddable":true,"href":"https:\/\/monikabohinec.com\/sl\/wp-json\/wp\/v2\/media\/1670"}],"wp:attachment":[{"href":"https:\/\/monikabohinec.com\/sl\/wp-json\/wp\/v2\/media?parent=323"}],"curies":[{"name":"wp","href":"https:\/\/api.w.org\/{rel}","templated":true}]}}