{"id":359,"date":"2019-07-22T13:39:19","date_gmt":"2019-07-22T11:39:19","guid":{"rendered":"https:\/\/monikabohinec.com\/?page_id=359"},"modified":"2023-02-01T15:55:20","modified_gmt":"2023-02-01T14:55:20","slug":"domaca-stran","status":"publish","type":"page","link":"https:\/\/monikabohinec.com\/sl\/","title":{"rendered":"Doma\u010da stran"},"content":{"rendered":"<p>Mezzosopranistka Monika Bohinec je od septembra 2011 stalna \u010dlanica ansambla dunajske dr\u017eavne opere.<br \/>\nObenem je nastopala tudi na mednarodno priznanih opernih in koncertnih odrih.<br \/>\nOperna in koncertna pevka se lahko pohvali z izjemno bogatim repertoatjem, ki vklju\u010duje vloge kot so Azucena iz Verdijeve opere Trubadur, Eboli iz opere Don Carlo, ter Amneris iz opere Aida.<br \/>\nNastopila je tudi v Wagnerjevih operah, v vlogi Ortrud iz opere Lohengrin, Brang\u00e4ne iz opere Tristan und Isolde in kot Fricka iz opere Die Walk\u00fcre&#8230;<\/p>\n","protected":false},"excerpt":{"rendered":"<p>Mezzosopranistka Monika Bohinec je od septembra 2011 stalna \u010dlanica ansambla dunajske dr\u017eavne opere. Obenem je nastopala tudi na mednarodno priznanih opernih in koncertnih odrih. Operna in koncertna pevka se lahko &#8230; <\/p>\n","protected":false},"author":1,"featured_media":618,"parent":0,"menu_order":0,"comment_status":"closed","ping_status":"closed","template":"views\/front-page.blade.php","meta":{"_acf_changed":false,"footnotes":""},"class_list":["post-359","page","type-page","status-publish","has-post-thumbnail","hentry"],"acf":[],"yoast_head":"<!-- This site is optimized with the Yoast SEO plugin v27.2 - https:\/\/yoast.com\/product\/yoast-seo-wordpress\/ -->\n<title>Doma\u010da stran - Monika Bohinec<\/title>\n<meta name=\"robots\" content=\"index, follow, max-snippet:-1, max-image-preview:large, max-video-preview:-1\" \/>\n<link rel=\"canonical\" href=\"https:\/\/monikabohinec.com\/sl\/\" \/>\n<meta property=\"og:locale\" content=\"sl_SI\" \/>\n<meta property=\"og:type\" content=\"article\" \/>\n<meta property=\"og:title\" content=\"Doma\u010da stran - Monika Bohinec\" \/>\n<meta property=\"og:description\" content=\"Mezzosopranistka Monika Bohinec je od septembra 2011 stalna \u010dlanica ansambla dunajske dr\u017eavne opere. Obenem je nastopala tudi na mednarodno priznanih opernih in koncertnih odrih. Operna in koncertna pevka se lahko ...\" \/>\n<meta property=\"og:url\" content=\"https:\/\/monikabohinec.com\/sl\/\" \/>\n<meta property=\"og:site_name\" content=\"Monika Bohinec\" \/>\n<meta property=\"article:modified_time\" content=\"2023-02-01T14:55:20+00:00\" \/>\n<meta property=\"og:image\" content=\"https:\/\/monikabohinec.com\/wp-content\/uploads\/2019\/11\/monika-bohinec-featured-image-small.jpg\" \/>\n\t<meta property=\"og:image:width\" content=\"1010\" \/>\n\t<meta property=\"og:image:height\" content=\"581\" \/>\n\t<meta property=\"og:image:type\" content=\"image\/jpeg\" \/>\n<meta name=\"twitter:card\" content=\"summary_large_image\" \/>\n<meta name=\"twitter:label1\" content=\"Est. reading time\" \/>\n\t<meta name=\"twitter:data1\" content=\"1 minuta\" \/>\n<script type=\"application\/ld+json\" class=\"yoast-schema-graph\">{\"@context\":\"https:\/\/schema.org\",\"@graph\":[{\"@type\":\"WebPage\",\"@id\":\"https:\/\/monikabohinec.com\/sl\/\",\"url\":\"https:\/\/monikabohinec.com\/sl\/\",\"name\":\"Doma\u010da stran - Monika Bohinec\",\"isPartOf\":{\"@id\":\"https:\/\/monikabohinec.com\/#website\"},\"primaryImageOfPage\":{\"@id\":\"https:\/\/monikabohinec.com\/sl\/#primaryimage\"},\"image\":{\"@id\":\"https:\/\/monikabohinec.com\/sl\/#primaryimage\"},\"thumbnailUrl\":\"https:\/\/monikabohinec.com\/wp-content\/uploads\/2019\/11\/monika-bohinec-featured-image-small.jpg\",\"datePublished\":\"2019-07-22T11:39:19+00:00\",\"dateModified\":\"2023-02-01T14:55:20+00:00\",\"breadcrumb\":{\"@id\":\"https:\/\/monikabohinec.com\/sl\/#breadcrumb\"},\"inLanguage\":\"sl-SI\",\"potentialAction\":[{\"@type\":\"ReadAction\",\"target\":[\"https:\/\/monikabohinec.com\/sl\/\"]}]},{\"@type\":\"ImageObject\",\"inLanguage\":\"sl-SI\",\"@id\":\"https:\/\/monikabohinec.com\/sl\/#primaryimage\",\"url\":\"https:\/\/monikabohinec.com\/wp-content\/uploads\/2019\/11\/monika-bohinec-featured-image-small.jpg\",\"contentUrl\":\"https:\/\/monikabohinec.com\/wp-content\/uploads\/2019\/11\/monika-bohinec-featured-image-small.jpg\",\"width\":1010,\"height\":581,\"caption\":\"Monika Bohinec Featured Image Small\"},{\"@type\":\"BreadcrumbList\",\"@id\":\"https:\/\/monikabohinec.com\/sl\/#breadcrumb\",\"itemListElement\":[{\"@type\":\"ListItem\",\"position\":1,\"name\":\"Home\",\"item\":\"https:\/\/monikabohinec.com\/sl\/\"},{\"@type\":\"ListItem\",\"position\":2,\"name\":\"Doma\u010da stran\"}]},{\"@type\":\"WebSite\",\"@id\":\"https:\/\/monikabohinec.com\/#website\",\"url\":\"https:\/\/monikabohinec.com\/\",\"name\":\"Monika Bohinec\",\"description\":\"Mezzosopran\",\"potentialAction\":[{\"@type\":\"SearchAction\",\"target\":{\"@type\":\"EntryPoint\",\"urlTemplate\":\"https:\/\/monikabohinec.com\/?s={search_term_string}\"},\"query-input\":{\"@type\":\"PropertyValueSpecification\",\"valueRequired\":true,\"valueName\":\"search_term_string\"}}],\"inLanguage\":\"sl-SI\"}]}<\/script>\n<!-- \/ Yoast SEO plugin. -->","yoast_head_json":{"title":"Doma\u010da stran - Monika Bohinec","robots":{"index":"index","follow":"follow","max-snippet":"max-snippet:-1","max-image-preview":"max-image-preview:large","max-video-preview":"max-video-preview:-1"},"canonical":"https:\/\/monikabohinec.com\/sl\/","og_locale":"sl_SI","og_type":"article","og_title":"Doma\u010da stran - Monika Bohinec","og_description":"Mezzosopranistka Monika Bohinec je od septembra 2011 stalna \u010dlanica ansambla dunajske dr\u017eavne opere. Obenem je nastopala tudi na mednarodno priznanih opernih in koncertnih odrih. Operna in koncertna pevka se lahko ...","og_url":"https:\/\/monikabohinec.com\/sl\/","og_site_name":"Monika Bohinec","article_modified_time":"2023-02-01T14:55:20+00:00","og_image":[{"width":1010,"height":581,"url":"https:\/\/monikabohinec.com\/wp-content\/uploads\/2019\/11\/monika-bohinec-featured-image-small.jpg","type":"image\/jpeg"}],"twitter_card":"summary_large_image","twitter_misc":{"Est. reading time":"1 minuta"},"schema":{"@context":"https:\/\/schema.org","@graph":[{"@type":"WebPage","@id":"https:\/\/monikabohinec.com\/sl\/","url":"https:\/\/monikabohinec.com\/sl\/","name":"Doma\u010da stran - Monika Bohinec","isPartOf":{"@id":"https:\/\/monikabohinec.com\/#website"},"primaryImageOfPage":{"@id":"https:\/\/monikabohinec.com\/sl\/#primaryimage"},"image":{"@id":"https:\/\/monikabohinec.com\/sl\/#primaryimage"},"thumbnailUrl":"https:\/\/monikabohinec.com\/wp-content\/uploads\/2019\/11\/monika-bohinec-featured-image-small.jpg","datePublished":"2019-07-22T11:39:19+00:00","dateModified":"2023-02-01T14:55:20+00:00","breadcrumb":{"@id":"https:\/\/monikabohinec.com\/sl\/#breadcrumb"},"inLanguage":"sl-SI","potentialAction":[{"@type":"ReadAction","target":["https:\/\/monikabohinec.com\/sl\/"]}]},{"@type":"ImageObject","inLanguage":"sl-SI","@id":"https:\/\/monikabohinec.com\/sl\/#primaryimage","url":"https:\/\/monikabohinec.com\/wp-content\/uploads\/2019\/11\/monika-bohinec-featured-image-small.jpg","contentUrl":"https:\/\/monikabohinec.com\/wp-content\/uploads\/2019\/11\/monika-bohinec-featured-image-small.jpg","width":1010,"height":581,"caption":"Monika Bohinec Featured Image Small"},{"@type":"BreadcrumbList","@id":"https:\/\/monikabohinec.com\/sl\/#breadcrumb","itemListElement":[{"@type":"ListItem","position":1,"name":"Home","item":"https:\/\/monikabohinec.com\/sl\/"},{"@type":"ListItem","position":2,"name":"Doma\u010da stran"}]},{"@type":"WebSite","@id":"https:\/\/monikabohinec.com\/#website","url":"https:\/\/monikabohinec.com\/","name":"Monika Bohinec","description":"Mezzosopran","potentialAction":[{"@type":"SearchAction","target":{"@type":"EntryPoint","urlTemplate":"https:\/\/monikabohinec.com\/?s={search_term_string}"},"query-input":{"@type":"PropertyValueSpecification","valueRequired":true,"valueName":"search_term_string"}}],"inLanguage":"sl-SI"}]}},"_links":{"self":[{"href":"https:\/\/monikabohinec.com\/sl\/wp-json\/wp\/v2\/pages\/359","targetHints":{"allow":["GET"]}}],"collection":[{"href":"https:\/\/monikabohinec.com\/sl\/wp-json\/wp\/v2\/pages"}],"about":[{"href":"https:\/\/monikabohinec.com\/sl\/wp-json\/wp\/v2\/types\/page"}],"author":[{"embeddable":true,"href":"https:\/\/monikabohinec.com\/sl\/wp-json\/wp\/v2\/users\/1"}],"replies":[{"embeddable":true,"href":"https:\/\/monikabohinec.com\/sl\/wp-json\/wp\/v2\/comments?post=359"}],"version-history":[{"count":7,"href":"https:\/\/monikabohinec.com\/sl\/wp-json\/wp\/v2\/pages\/359\/revisions"}],"predecessor-version":[{"id":3486,"href":"https:\/\/monikabohinec.com\/sl\/wp-json\/wp\/v2\/pages\/359\/revisions\/3486"}],"wp:featuredmedia":[{"embeddable":true,"href":"https:\/\/monikabohinec.com\/sl\/wp-json\/wp\/v2\/media\/618"}],"wp:attachment":[{"href":"https:\/\/monikabohinec.com\/sl\/wp-json\/wp\/v2\/media?parent=359"}],"curies":[{"name":"wp","href":"https:\/\/api.w.org\/{rel}","templated":true}]}}